{"id":95,"date":"2018-08-28T00:54:48","date_gmt":"2018-08-28T03:54:48","guid":{"rendered":"http:\/\/191.252.132.36\/~faborpartscom\/?page_id=95"},"modified":"2018-08-28T00:54:48","modified_gmt":"2018-08-28T03:54:48","slug":"sobre","status":"publish","type":"page","link":"https:\/\/faborparts.com.br\/site\/sobre\/","title":{"rendered":"Sobre"},"content":{"rendered":"<p align=\"justify\"><span style=\"font-family: Arial;\">No mercado desde 1990, a FABOR industrializa pe\u00e7as em borracha e metal, componentes largamente utilizados pelos segmentos agr\u00edcolas, industrial e veicular.<\/span><\/p>\n<p align=\"justify\"><span style=\"font-family: Arial;\">\u00a0Instalada em \u00e1rea \u00fatil de 600 metros quadrados na cidade de S\u00e3o Manuel, interior de S\u00e3o Paulo, a empresa \u00e9 especializada na fabrica\u00e7\u00e3o de componentes para reposi\u00e7\u00e3o de veiculos pesados nas marcas Caterpillar, Chevrolet, Ford, Dodge, Mercedes Benz, Scania, Volksvagen e Volvo. S\u00e3o mais de tr\u00eas mil itens (barra tensora, buchas, coxins, esteiras, rodas maci\u00e7as etc.) aprovados com louvor pelas melhores empresas de transporte, concreteiras, mineradoras e usinas de a\u00e7\u00facar e \u00e1lcool, dentre outros ramos empresariais.<\/span><\/p>\n<p align=\"justify\"><span style=\"font-family: Arial;\">\u00a0A FABOR conseguiu uma posi\u00e7\u00e3o de destaque e respeito no mercado porque tem a qualidade e o desenvolvimento t\u00e9cnico em alta conta. Investe desmedidamente na qualifica\u00e7\u00e3o de sua m\u00e3o-de-obra e na aquisi\u00e7\u00e3o de m\u00e1quinas e equipamentos de primeira linha. Portanto, quando a sua empresa precisar de pe\u00e7as em borracha e metal dur\u00e1veis, tecnologicamente avan\u00e7adas e que, por isso mesmo, passam confian\u00e7a, ligue para a FABOR ou entre em contato com alguns de nossos representantes ou distribuidoras credenciadas.<\/span><\/p>\n<p align=\"justify\"><span style=\"font-family: Arial;\">\u00a0FABOR, fazendo sempre para t\u00ea-lo ao nosso lado.<\/span><\/p>\n<p align=\"justify\"><span style=\"font-family: Arial;\">\u00a0No dia 10 de julho de dois mil e seis a empresa FABOR se desune da empresa familiar que F\u00e1bio atuava a vinte anos de trabalho e dedica\u00e7\u00e3o a mesma. Saiu e montou na atividade de cardans com balanceamento eletr\u00f4nico deixando o segmento de pe\u00e7as e artefatos de borracha. Sendo assim os clientes e amigos pediram para que tivesse as pe\u00e7as de artefatos de borracha juntos com os servi\u00e7os de cardan. Ao sair da empresafamiliar n\u00e3o retirou equipamento, funcionarios e valores da mesma deixando sem nenhum prejuizo a empresa. Devido o investimento dos equipamentos dos artefatos de borracha hoje desenvolve, pe\u00e7as para colhedeira de cana e esteira de borracha para tratores no processo de fabrica\u00e7\u00e3o e recupera\u00e7\u00e3o de melhor qualidade e custo baixo.<\/span><\/p>\n<p align=\"justify\"><span style=\"font-family: Arial;\">Hoje atua no mercado nos estados de S\u00e3o Paulo, Minas Gerais, Santa Catarina, Paran\u00e1, Goias, Matogrosso, Matogrosso do Sul, Bahia, Rio Grande do Sul e demais.<\/span><\/p>\n<p align=\"justify\">\n<p align=\"justify\"><span style=\"font-family: Arial; font-size: x-large;\">NOSSAS PATENTES<\/span><\/p>\n<ul>\n<li>\n<p align=\"left\"><span style=\"font-family: Arial;\">BATENTE DO MOLEJO DO VOLVO COM CORRENTE<br \/>\n<\/span><\/p>\n<\/li>\n<li>\n<p align=\"left\"><span style=\"font-family: Arial;\">ERA\u00c7\u00c3O DAS GARRAS E BLOCOS GUIAS DA ESTEIRA DE BORRACHA CATERPILLAR CHALLERGER<br \/>\n<\/span><\/p>\n<\/li>\n<li>\n<p align=\"left\"><span style=\"font-family: Arial;\">REVESTIMENTO DOS ROLOS DE PLANTIO COLHEDEIRA DE CANA<\/span><\/p>\n<\/li>\n<\/ul>\n","protected":false},"excerpt":{"rendered":"<p>No mercado desde 1990, a FABOR industrializa pe\u00e7as em borracha e metal, componentes largamente utilizados pelos segmentos agr\u00edcolas, industrial e veicular. \u00a0Instalada em \u00e1rea \u00fatil de 600 metros quadrados na cidade de S\u00e3o Manuel, interior de S\u00e3o Paulo, a empresa \u00e9 especializada na fabrica\u00e7\u00e3o de componentes para reposi\u00e7\u00e3o de veiculos pesados nas marcas Caterpillar, Chevrolet, [&hellip;]<\/p>\n","protected":false},"author":1,"featured_media":0,"parent":0,"menu_order":0,"comment_status":"closed","ping_status":"closed","template":"","meta":[],"yoast_head":"<!-- This site is optimized with the Yoast SEO plugin v15.4 - https:\/\/yoast.com\/wordpress\/plugins\/seo\/ -->\n<title>Sobre - Fabor Part&#039;s Borracha<\/title>\n<meta name=\"robots\" content=\"index, follow, max-snippet:-1, max-image-preview:large, max-video-preview:-1\" \/>\n<link rel=\"canonical\" href=\"https:\/\/faborparts.com.br\/site\/sobre\/\" \/>\n<meta property=\"og:locale\" content=\"pt_BR\" \/>\n<meta property=\"og:type\" content=\"article\" \/>\n<meta property=\"og:title\" content=\"Sobre - Fabor Part&#039;s Borracha\" \/>\n<meta property=\"og:description\" content=\"No mercado desde 1990, a FABOR industrializa pe\u00e7as em borracha e metal, componentes largamente utilizados pelos segmentos agr\u00edcolas, industrial e veicular. \u00a0Instalada em \u00e1rea \u00fatil de 600 metros quadrados na cidade de S\u00e3o Manuel, interior de S\u00e3o Paulo, a empresa \u00e9 especializada na fabrica\u00e7\u00e3o de componentes para reposi\u00e7\u00e3o de veiculos pesados nas marcas Caterpillar, Chevrolet, [&hellip;]\" \/>\n<meta property=\"og:url\" content=\"https:\/\/faborparts.com.br\/site\/sobre\/\" \/>\n<meta property=\"og:site_name\" content=\"Fabor Part&#039;s Borracha\" \/>\n<meta name=\"twitter:card\" content=\"summary_large_image\" \/>\n<meta name=\"twitter:label1\" content=\"Written by\">\n\t<meta name=\"twitter:data1\" content=\"fborparts\">\n\t<meta name=\"twitter:label2\" content=\"Est. reading time\">\n\t<meta name=\"twitter:data2\" content=\"2 minutos\">\n<script type=\"application\/ld+json\" class=\"yoast-schema-graph\">{\"@context\":\"https:\/\/schema.org\",\"@graph\":[{\"@type\":\"WebSite\",\"@id\":\"https:\/\/faborparts.com.br\/site\/#website\",\"url\":\"https:\/\/faborparts.com.br\/site\/\",\"name\":\"Fabor Part&#039;s Borracha\",\"description\":\"\",\"potentialAction\":[{\"@type\":\"SearchAction\",\"target\":\"https:\/\/faborparts.com.br\/site\/?s={search_term_string}\",\"query-input\":\"required name=search_term_string\"}],\"inLanguage\":\"pt-BR\"},{\"@type\":\"WebPage\",\"@id\":\"https:\/\/faborparts.com.br\/site\/sobre\/#webpage\",\"url\":\"https:\/\/faborparts.com.br\/site\/sobre\/\",\"name\":\"Sobre - Fabor Part&#039;s Borracha\",\"isPartOf\":{\"@id\":\"https:\/\/faborparts.com.br\/site\/#website\"},\"datePublished\":\"2018-08-28T03:54:48+00:00\",\"dateModified\":\"2018-08-28T03:54:48+00:00\",\"inLanguage\":\"pt-BR\",\"potentialAction\":[{\"@type\":\"ReadAction\",\"target\":[\"https:\/\/faborparts.com.br\/site\/sobre\/\"]}]}]}<\/script>\n<!-- \/ Yoast SEO plugin. -->","_links":{"self":[{"href":"https:\/\/faborparts.com.br\/site\/wp-json\/wp\/v2\/pages\/95"}],"collection":[{"href":"https:\/\/faborparts.com.br\/site\/wp-json\/wp\/v2\/pages"}],"about":[{"href":"https:\/\/faborparts.com.br\/site\/wp-json\/wp\/v2\/types\/page"}],"author":[{"embeddable":true,"href":"https:\/\/faborparts.com.br\/site\/wp-json\/wp\/v2\/users\/1"}],"replies":[{"embeddable":true,"href":"https:\/\/faborparts.com.br\/site\/wp-json\/wp\/v2\/comments?post=95"}],"version-history":[{"count":1,"href":"https:\/\/faborparts.com.br\/site\/wp-json\/wp\/v2\/pages\/95\/revisions"}],"predecessor-version":[{"id":97,"href":"https:\/\/faborparts.com.br\/site\/wp-json\/wp\/v2\/pages\/95\/revisions\/97"}],"wp:attachment":[{"href":"https:\/\/faborparts.com.br\/site\/wp-json\/wp\/v2\/media?parent=95"}],"curies":[{"name":"wp","href":"https:\/\/api.w.org\/{rel}","templated":true}]}}