{"id":56,"date":"2018-08-28T00:39:42","date_gmt":"2018-08-28T03:39:42","guid":{"rendered":"http:\/\/191.252.132.36\/~faborpartscom\/?page_id=56"},"modified":"2018-09-13T09:55:44","modified_gmt":"2018-09-13T12:55:44","slug":"empilhadeiras","status":"publish","type":"page","link":"https:\/\/faborparts.com.br\/site\/produtos\/empilhadeiras\/","title":{"rendered":"Empilhadeiras"},"content":{"rendered":"<table id=\"table19\" border=\"0\" width=\"100%\" cellspacing=\"0\" cellpadding=\"0\">\n<tbody>\n<tr>\n<td>\n<table id=\"table20\" border=\"0\" width=\"522\" cellspacing=\"0\" cellpadding=\"0\" bgcolor=\"#000000\">\n<tbody>\n<tr>\n<td height=\"30\"><span style=\"color: #ffffff; font-family: Arial; font-size: large;\">PE\u00c7AS DIVERSAS PARA EMPILHADEIRAS<\/span><\/td>\n<\/tr>\n<\/tbody>\n<\/table>\n<\/td>\n<\/tr>\n<tr>\n<td>\n<table id=\"table21\" border=\"0\" width=\"100%\" cellspacing=\"0\" cellpadding=\"0\">\n<tbody>\n<tr>\n<td align=\"center\" width=\"20\" height=\"30\"><\/td>\n<td align=\"center\" valign=\"top\" width=\"160\" height=\"30\"><\/td>\n<td valign=\"top\" width=\"201\" height=\"30\"><\/td>\n<td valign=\"top\" width=\"25\" height=\"30\"><\/td>\n<td valign=\"top\" width=\"133\" height=\"30\"><\/td>\n<td valign=\"top\" width=\"209\" height=\"30\"><\/td>\n<\/tr>\n<tr>\n<td align=\"center\" width=\"20\" height=\"50\"><\/td>\n<td align=\"center\" valign=\"middle\" width=\"160\" height=\"50\"><span style=\"font-family: Verdana; font-size: small;\"><a title=\"COD. FB 3001\" href=\"https:\/\/faborparts.com.br\/site\/wp-content\/themes\/ecommerce-gem-child\/imagens\/produtos\/empilhadeiras\/3001.jpg\"><img decoding=\"async\" loading=\"lazy\" src=\"https:\/\/faborparts.com.br\/site\/wp-content\/themes\/ecommerce-gem-child\/imagens\/produtos\/empilhadeiras\/3001.jpg\" width=\"120\" height=\"88\" border=\"0\" \/><\/a><\/span><\/td>\n<td valign=\"top\" width=\"201\" height=\"50\"><span style=\"font-family: Verdana; font-size: small;\"><b>COD. FB 3001<br \/>\nCOXIM DE BORRACHA<br \/>\nQUADRO DIRECIONAL H-20<\/b><\/span><\/td>\n<td valign=\"top\" width=\"25\" height=\"50\"><\/td>\n<td valign=\"middle\" width=\"133\" height=\"50\">\n<p align=\"center\"><span style=\"font-family: Verdana; font-size: small;\"><a title=\"COD. FB 3002\" href=\"https:\/\/faborparts.com.br\/site\/wp-content\/themes\/ecommerce-gem-child\/imagens\/produtos\/empilhadeiras\/3002.jpg\"><img decoding=\"async\" loading=\"lazy\" src=\"https:\/\/faborparts.com.br\/site\/wp-content\/themes\/ecommerce-gem-child\/imagens\/produtos\/empilhadeiras\/3002.jpg\" width=\"120\" height=\"88\" border=\"0\" \/><\/a><\/span><\/p>\n<\/td>\n<td valign=\"top\" width=\"209\" height=\"50\"><span style=\"font-family: Verdana; font-size: small;\"><b>COD. FB 3002<br \/>\nCOXIM DE BORRACHA<br \/>\nQUADRO DIRECIONAL H-25<\/b><\/span><\/td>\n<\/tr>\n<tr>\n<td align=\"center\" width=\"20\" height=\"30\"><\/td>\n<td align=\"center\" width=\"160\" height=\"30\"><\/td>\n<td width=\"201\" height=\"30\"><\/td>\n<td width=\"25\" height=\"30\"><\/td>\n<td width=\"133\" height=\"30\"><\/td>\n<td width=\"209\" height=\"30\"><\/td>\n<\/tr>\n<tr>\n<td align=\"center\" width=\"20\" height=\"50\"><\/td>\n<td align=\"center\" width=\"160\" height=\"50\"><span style=\"font-family: Verdana; font-size: small;\"><a title=\"COD. FB 3003\" href=\"https:\/\/faborparts.com.br\/site\/wp-content\/themes\/ecommerce-gem-child\/imagens\/produtos\/empilhadeiras\/3003.jpg\"><img decoding=\"async\" loading=\"lazy\" src=\"https:\/\/faborparts.com.br\/site\/wp-content\/themes\/ecommerce-gem-child\/imagens\/produtos\/empilhadeiras\/3003.jpg\" width=\"120\" height=\"88\" border=\"0\" \/><\/a><\/span><\/td>\n<td valign=\"top\" width=\"201\" height=\"50\"><span style=\"font-family: Verdana; font-size: small;\"><b>COD. FB 3003<br \/>\n<\/b><\/span><b><span style=\"font-family: Verdana; font-size: small;\">COXIM DE BORRACHA<br \/>\nQUADRO DIRECIONAL<br \/>\nHYSTER<\/span><\/b><\/td>\n<td width=\"25\" height=\"50\"><\/td>\n<td width=\"133\" height=\"50\"><span style=\"font-family: Verdana; font-size: small;\"><a title=\"COD. FB 3004\" href=\"https:\/\/faborparts.com.br\/site\/wp-content\/themes\/ecommerce-gem-child\/imagens\/produtos\/empilhadeiras\/3004.jpg\"><img decoding=\"async\" loading=\"lazy\" src=\"https:\/\/faborparts.com.br\/site\/wp-content\/themes\/ecommerce-gem-child\/imagens\/produtos\/empilhadeiras\/3004.jpg\" width=\"120\" height=\"88\" border=\"0\" \/><\/a><\/span><\/td>\n<td valign=\"top\" width=\"209\" height=\"50\"><span style=\"font-family: Verdana; font-size: small;\"><b>COD. FB 3004<br \/>\n<\/b><\/span><b><span style=\"font-family: Verdana; font-size: small;\">PNEU MACI\u00c7O<br \/>\nBORRACHA<\/span><\/b><\/td>\n<\/tr>\n<tr>\n<td align=\"center\" width=\"20\" height=\"30\"><\/td>\n<td align=\"center\" width=\"160\" height=\"30\"><\/td>\n<td width=\"201\" height=\"30\"><\/td>\n<td width=\"25\" height=\"30\"><\/td>\n<td width=\"133\" height=\"30\"><\/td>\n<td width=\"209\" height=\"30\">\n<p align=\"center\">\n<\/td>\n<\/tr>\n<tr>\n<td align=\"center\" width=\"20\" height=\"50\"><\/td>\n<td align=\"center\" width=\"160\" height=\"50\"><span style=\"font-family: Verdana; font-size: small;\"><a title=\"COD. FB 3005\" href=\"https:\/\/faborparts.com.br\/site\/wp-content\/themes\/ecommerce-gem-child\/imagens\/produtos\/empilhadeiras\/3005.jpg\"><img decoding=\"async\" loading=\"lazy\" src=\"https:\/\/faborparts.com.br\/site\/wp-content\/themes\/ecommerce-gem-child\/imagens\/produtos\/empilhadeiras\/3005.jpg\" width=\"120\" height=\"88\" border=\"0\" \/><\/a><\/span><\/td>\n<td valign=\"top\" width=\"201\" height=\"50\"><span style=\"font-family: Verdana; font-size: small;\"><b>COD. FB 3005<br \/>\n<\/b><\/span><b><span style=\"font-family: Verdana; font-size: small;\">PNEU MACI\u00c7O<br \/>\nPOLIURETANO<\/span><\/b><\/td>\n<td width=\"25\" height=\"50\"><\/td>\n<td valign=\"middle\" width=\"133\" height=\"50\"><a title=\"COD. FB 3006\" href=\"https:\/\/faborparts.com.br\/site\/wp-content\/themes\/ecommerce-gem-child\/imagens\/produtos\/empilhadeiras\/3006.jpg\"><img decoding=\"async\" loading=\"lazy\" src=\"https:\/\/faborparts.com.br\/site\/wp-content\/themes\/ecommerce-gem-child\/imagens\/produtos\/empilhadeiras\/3006.jpg\" width=\"120\" height=\"88\" border=\"0\" \/><\/a><\/td>\n<td valign=\"top\" width=\"209\" height=\"50\"><span style=\"font-family: Verdana; font-size: small;\"><b>COD. FB 3006<br \/>\n<\/b><\/span><b><span style=\"font-family: Verdana; font-size: small;\">COXIM GABINA LINDE<\/span><\/b><\/td>\n<\/tr>\n<tr>\n<td align=\"center\" width=\"20\" height=\"30\"><\/td>\n<td align=\"center\" width=\"160\" height=\"30\"><\/td>\n<td width=\"201\" height=\"30\"><\/td>\n<td width=\"25\" height=\"30\"><\/td>\n<td width=\"133\" height=\"30\"><\/td>\n<td width=\"209\" height=\"30\">\n<p align=\"center\">\n<\/td>\n<\/tr>\n<tr>\n<td align=\"center\" width=\"20\" height=\"50\"><\/td>\n<td align=\"center\" width=\"160\" height=\"50\"><a title=\"COD. FB 3007\" href=\"https:\/\/faborparts.com.br\/site\/wp-content\/themes\/ecommerce-gem-child\/imagens\/produtos\/empilhadeiras\/3007.jpg\"><img decoding=\"async\" loading=\"lazy\" src=\"https:\/\/faborparts.com.br\/site\/wp-content\/themes\/ecommerce-gem-child\/imagens\/produtos\/empilhadeiras\/3007.jpg\" width=\"120\" height=\"81\" border=\"0\" \/><\/a><\/td>\n<td valign=\"top\" width=\"201\" height=\"50\"><span style=\"font-family: Verdana; font-size: small;\"><b>COD. FB 3007<br \/>\n<\/b><\/span><b><span style=\"font-family: Verdana; font-size: small;\">COXIM DE TRANSMISS\u00c3O<br \/>\nLINDE<\/span><\/b><\/td>\n<td width=\"25\" height=\"50\"><\/td>\n<td width=\"133\" height=\"50\"><a title=\"COD. FB 3008\" href=\"https:\/\/faborparts.com.br\/site\/wp-content\/themes\/ecommerce-gem-child\/imagens\/produtos\/empilhadeiras\/3008.jpg\"><img decoding=\"async\" loading=\"lazy\" src=\"https:\/\/faborparts.com.br\/site\/wp-content\/themes\/ecommerce-gem-child\/imagens\/produtos\/empilhadeiras\/3008.jpg\" width=\"120\" height=\"88\" border=\"0\" \/><\/a><\/td>\n<td valign=\"top\" width=\"209\" height=\"50\"><span style=\"font-family: Verdana; font-size: small;\"><b>COD. FB 3008<br \/>\n<\/b><\/span><b><span style=\"font-family: Verdana; font-size: small;\">COXIM DE BORRACHA<br \/>\nQUADRO DIRECIONAL H-20<\/span><\/b><\/td>\n<\/tr>\n<\/tbody>\n<\/table>\n<\/td>\n<\/tr>\n<\/tbody>\n<\/table>\n","protected":false},"excerpt":{"rendered":"<p>PE\u00c7AS DIVERSAS PARA EMPILHADEIRAS COD. FB 3001 COXIM DE BORRACHA QUADRO DIRECIONAL H-20 COD. FB 3002 COXIM DE BORRACHA QUADRO DIRECIONAL H-25 COD. FB 3003 COXIM DE BORRACHA QUADRO DIRECIONAL HYSTER COD. FB 3004 PNEU MACI\u00c7O BORRACHA COD. FB 3005 PNEU MACI\u00c7O POLIURETANO COD. FB 3006 COXIM GABINA LINDE COD. FB 3007 COXIM DE TRANSMISS\u00c3O [&hellip;]<\/p>\n","protected":false},"author":1,"featured_media":0,"parent":17,"menu_order":0,"comment_status":"closed","ping_status":"closed","template":"","meta":[],"yoast_head":"<!-- This site is optimized with the Yoast SEO plugin v15.4 - https:\/\/yoast.com\/wordpress\/plugins\/seo\/ -->\n<title>Empilhadeiras - Fabor Part&#039;s Borracha<\/title>\n<meta name=\"robots\" content=\"index, follow, max-snippet:-1, max-image-preview:large, max-video-preview:-1\" \/>\n<link rel=\"canonical\" href=\"https:\/\/faborparts.com.br\/site\/produtos\/empilhadeiras\/\" \/>\n<meta property=\"og:locale\" content=\"pt_BR\" \/>\n<meta property=\"og:type\" content=\"article\" \/>\n<meta property=\"og:title\" content=\"Empilhadeiras - Fabor Part&#039;s Borracha\" \/>\n<meta property=\"og:description\" content=\"PE\u00c7AS DIVERSAS PARA EMPILHADEIRAS COD. FB 3001 COXIM DE BORRACHA QUADRO DIRECIONAL H-20 COD. FB 3002 COXIM DE BORRACHA QUADRO DIRECIONAL H-25 COD. FB 3003 COXIM DE BORRACHA QUADRO DIRECIONAL HYSTER COD. FB 3004 PNEU MACI\u00c7O BORRACHA COD. FB 3005 PNEU MACI\u00c7O POLIURETANO COD. FB 3006 COXIM GABINA LINDE COD. FB 3007 COXIM DE TRANSMISS\u00c3O [&hellip;]\" \/>\n<meta property=\"og:url\" content=\"https:\/\/faborparts.com.br\/site\/produtos\/empilhadeiras\/\" \/>\n<meta property=\"og:site_name\" content=\"Fabor Part&#039;s Borracha\" \/>\n<meta property=\"article:modified_time\" content=\"2018-09-13T12:55:44+00:00\" \/>\n<meta property=\"og:image\" content=\"https:\/\/faborparts.com.br\/site\/wp-content\/themes\/ecommerce-gem-child\/imagens\/produtos\/empilhadeiras\/3001.jpg\" \/>\n<meta name=\"twitter:card\" content=\"summary_large_image\" \/>\n<meta name=\"twitter:label1\" content=\"Written by\">\n\t<meta name=\"twitter:data1\" content=\"fborparts\">\n\t<meta name=\"twitter:label2\" content=\"Est. reading time\">\n\t<meta name=\"twitter:data2\" content=\"0 minuto\">\n<script type=\"application\/ld+json\" class=\"yoast-schema-graph\">{\"@context\":\"https:\/\/schema.org\",\"@graph\":[{\"@type\":\"WebSite\",\"@id\":\"https:\/\/faborparts.com.br\/site\/#website\",\"url\":\"https:\/\/faborparts.com.br\/site\/\",\"name\":\"Fabor Part&#039;s Borracha\",\"description\":\"\",\"potentialAction\":[{\"@type\":\"SearchAction\",\"target\":\"https:\/\/faborparts.com.br\/site\/?s={search_term_string}\",\"query-input\":\"required name=search_term_string\"}],\"inLanguage\":\"pt-BR\"},{\"@type\":\"ImageObject\",\"@id\":\"https:\/\/faborparts.com.br\/site\/produtos\/empilhadeiras\/#primaryimage\",\"inLanguage\":\"pt-BR\",\"url\":\"https:\/\/faborparts.com.br\/site\/wp-content\/themes\/ecommerce-gem-child\/imagens\/produtos\/empilhadeiras\/3001.jpg\"},{\"@type\":\"WebPage\",\"@id\":\"https:\/\/faborparts.com.br\/site\/produtos\/empilhadeiras\/#webpage\",\"url\":\"https:\/\/faborparts.com.br\/site\/produtos\/empilhadeiras\/\",\"name\":\"Empilhadeiras - Fabor Part&#039;s Borracha\",\"isPartOf\":{\"@id\":\"https:\/\/faborparts.com.br\/site\/#website\"},\"primaryImageOfPage\":{\"@id\":\"https:\/\/faborparts.com.br\/site\/produtos\/empilhadeiras\/#primaryimage\"},\"datePublished\":\"2018-08-28T03:39:42+00:00\",\"dateModified\":\"2018-09-13T12:55:44+00:00\",\"inLanguage\":\"pt-BR\",\"potentialAction\":[{\"@type\":\"ReadAction\",\"target\":[\"https:\/\/faborparts.com.br\/site\/produtos\/empilhadeiras\/\"]}]}]}<\/script>\n<!-- \/ Yoast SEO plugin. -->","_links":{"self":[{"href":"https:\/\/faborparts.com.br\/site\/wp-json\/wp\/v2\/pages\/56"}],"collection":[{"href":"https:\/\/faborparts.com.br\/site\/wp-json\/wp\/v2\/pages"}],"about":[{"href":"https:\/\/faborparts.com.br\/site\/wp-json\/wp\/v2\/types\/page"}],"author":[{"embeddable":true,"href":"https:\/\/faborparts.com.br\/site\/wp-json\/wp\/v2\/users\/1"}],"replies":[{"embeddable":true,"href":"https:\/\/faborparts.com.br\/site\/wp-json\/wp\/v2\/comments?post=56"}],"version-history":[{"count":3,"href":"https:\/\/faborparts.com.br\/site\/wp-json\/wp\/v2\/pages\/56\/revisions"}],"predecessor-version":[{"id":162,"href":"https:\/\/faborparts.com.br\/site\/wp-json\/wp\/v2\/pages\/56\/revisions\/162"}],"up":[{"embeddable":true,"href":"https:\/\/faborparts.com.br\/site\/wp-json\/wp\/v2\/pages\/17"}],"wp:attachment":[{"href":"https:\/\/faborparts.com.br\/site\/wp-json\/wp\/v2\/media?parent=56"}],"curies":[{"name":"wp","href":"https:\/\/api.w.org\/{rel}","templated":true}]}}